{"id":11574,"date":"2022-07-15T15:00:21","date_gmt":"2022-07-15T07:00:21","guid":{"rendered":"https:\/\/www.chienfu.com\/?page_id=11574"},"modified":"2022-07-15T15:08:43","modified_gmt":"2022-07-15T07:08:43","slug":"onlinebook","status":"publish","type":"page","link":"https:\/\/www.chienfu.com\/es\/onlinebook\/","title":{"rendered":"cat\u00e1logo en l\u00ednea"},"content":{"rendered":"\n<style type=\"text\/css\" id=\"style-css-av-49k8g9i-c24bb2bcac6cdd3f1072f9c4752c2c46\">\n.avia-section.av-49k8g9i-c24bb2bcac6cdd3f1072f9c4752c2c46{\nbackground-repeat:no-repeat;\nbackground-image:url(https:\/\/www.chienfu.com\/wp-content\/uploads\/2016\/12\/shutterstock_433065427.jpg);\nbackground-position:center center;\nbackground-attachment:fixed;\n}\n.avia-section.av-49k8g9i-c24bb2bcac6cdd3f1072f9c4752c2c46 .av-section-color-overlay{\nopacity:0.8;\nbackground-color:#05142f;\n}\n<\/style>\n<div id='av_section_1'  class='avia-section av-49k8g9i-c24bb2bcac6cdd3f1072f9c4752c2c46 main_color avia-section-no-padding avia-no-border-styling  avia-builder-el-0  el_before_av_section  avia-builder-el-first  avia-full-stretch avia-bg-style-fixed av-section-color-overlay-active  av-minimum-height av-minimum-height-custom  container_wrap sidebar_right'  data-section-bg-repeat='stretch'><div class='av-section-color-overlay-wrap'><div class=\"av-section-color-overlay\"><\/div><div class='container av-section-cont-open' style='height:550px'><main  role=\"main\" itemprop=\"mainContentOfPage\"  class='template-page content  av-content-small alpha units'><div class='post-entry post-entry-type-page post-entry-11574'><div class='entry-content-wrapper clearfix'>\n<section class=\"av_textblock_section \"  itemscope=\"itemscope\" itemtype=\"https:\/\/schema.org\/CreativeWork\" ><div class='avia_textblock  '   itemprop=\"text\" ><h1 style=\"text-align: center;\"><span style=\"color: #ffffff;\">cat\u00e1logo en l\u00ednea<\/span><\/h1>\n<p style=\"text-align: center;\"><span style=\"color: #ffffff;\">Online Booke<\/span><\/p>\n<h2 style=\"display: none;\">\u578b\u9304<\/h2>\n<p style=\"display: none;\">Thousands of years of experience in lathe lathes,<\/p>\n<p style=\"display: none;\">specializing in the production of 3C equipment,<\/p>\n<p style=\"display: none;\">medical, automotive and custom screws,<\/p>\n<p style=\"display: none;\">100 sets of Japanese lathe machine with<\/p>\n<p style=\"display: none;\">Shimada 6-axis lathe and CITIZEN L12.<\/p>\n<p style=\"display: none;\">The team here is a group of enthusiastic teams that produce precision car parts and<\/p>\n<p style=\"display: none;\">is proud of its precision manufacturing and challenging attitude.<\/p>\n<p style=\"display: none;\">If you can not find the required car parts supplier,<\/p>\n<p style=\"display: none;\">please give us a chance to send your drawings and requirements to us!<\/p>\n<p style=\"display: none;\">Known for its ability to process high-quality turning parts,<\/p>\n<p style=\"display: none;\">Chifu is your partner for professionals whether you are machining titanium,<\/p>\n<p style=\"display: none;\">aluminum, copper, iron, alloy steel, stainless steel, Bakelite, POM or Teflon.<br \/>\n<img decoding=\"async\" class=\"size-medium wp-image-3371\" style=\"display: none;\" src=\"https:\/\/www.chienfu.com\/wp-content\/uploads\/2017\/10\/Sloky-THS1-300x225.jpg\" alt=\"\u8eca\u4ef6\" width=\"300\" height=\"225\" srcset=\"https:\/\/www.chienfu.com\/wp-content\/uploads\/2017\/10\/Sloky-THS1-300x225.jpg 300w, https:\/\/www.chienfu.com\/wp-content\/uploads\/2017\/10\/Sloky-THS1-768x576.jpg 768w, https:\/\/www.chienfu.com\/wp-content\/uploads\/2017\/10\/Sloky-THS1-1030x773.jpg 1030w, https:\/\/www.chienfu.com\/wp-content\/uploads\/2017\/10\/Sloky-THS1-705x529.jpg 705w, https:\/\/www.chienfu.com\/wp-content\/uploads\/2017\/10\/Sloky-THS1-450x338.jpg 450w, https:\/\/www.chienfu.com\/wp-content\/uploads\/2017\/10\/Sloky-THS1.jpg 1477w\" sizes=\"(max-width: 300px) 100vw, 300px\" \/><\/p>\n<\/div><\/section>\n<div  class='avia-button-wrap avia-button-center  avia-builder-el-2  el_after_av_textblock  avia-builder-el-last ' >\n<style type=\"text\/css\" id=\"style-css-av-l5m42xqa-1c5f022dbdbab3061c2fac49f5495ac1\">\n#top #wrap_all .avia-button.av-l5m42xqa-1c5f022dbdbab3061c2fac49f5495ac1{\nbackground-color:#193171;\nborder-color:#193171;\ncolor:#ffffff;\ntransition:all 0.4s ease-in-out;\n-webkit-transition:all 0.4s ease-in-out;\n-moz-transition:all 0.4s ease-in-out;\n-ms-transition:all 0.4s ease-in-out;\n-o-transition:all 0.4s ease-in-out;\n}\n<\/style>\n<a href='https:\/\/www.chienfu.com\/zh-hant\/contact-zh-hant\/'  class='avia-button av-l5m42xqa-1c5f022dbdbab3061c2fac49f5495ac1 avia-icon_select-no avia-size-medium avia-position-center ' ><span class='avia_iconbox_title' >Contacto<\/span><\/a><\/div>\n<\/div><\/div><\/main><!-- close content main element --><\/div><\/div><\/div><div id='av_section_2'  class='avia-section av-3j08q7q-612a2d6c84297c6ba28dd47b38a352c0 main_color avia-section-default avia-no-shadow  avia-builder-el-3  el_after_av_section  avia-builder-el-last  avia-bg-style-scroll  container_wrap sidebar_right'  ><div class='container av-section-cont-open' ><div class='template-page content  av-content-small alpha units'><div class='post-entry post-entry-type-page post-entry-11574'><div class='entry-content-wrapper clearfix'>\n\n<style type=\"text\/css\" id=\"style-css-av-2t2p1o6-7a5363625d7d0e1b49b4957e8458ee48\">\n#top .flex_column.av-2t2p1o6-7a5363625d7d0e1b49b4957e8458ee48{\nborder-radius:0px;\n-webkit-border-radius:0px;\n-moz-border-radius:0px;\npadding:0px;\n}\n<\/style>\n<div class='flex_column av-2t2p1o6-7a5363625d7d0e1b49b4957e8458ee48 av_one_fifth  avia-builder-el-4  el_before_av_three_fifth  avia-builder-el-first  first flex_column_div av-zero-column-padding '   ><\/div>\n<style type=\"text\/css\" id=\"style-css-av-2etwec6-d6874b631ae123f85d3da6ba1041d6a8\">\n#top .flex_column.av-2etwec6-d6874b631ae123f85d3da6ba1041d6a8{\nborder-radius:0px;\n-webkit-border-radius:0px;\n-moz-border-radius:0px;\npadding:0px;\n}\n<\/style>\n<div class='flex_column av-2etwec6-d6874b631ae123f85d3da6ba1041d6a8 av_three_fifth  avia-builder-el-5  el_after_av_one_fifth  el_before_av_one_fifth  flex_column_div av-zero-column-padding '   ><section class=\"av_textblock_section \"  itemscope=\"itemscope\" itemtype=\"https:\/\/schema.org\/CreativeWork\" ><div class='avia_textblock  '   itemprop=\"text\" ><p><strong>Con una experiencia de 40 a\u00f1os de Lathing, Chienfu expertized y se especializan para producir las piezas de mecanizado modificadas para requisitos particulares para los dispositivos 3C, m\u00e9dico y autom\u00f3vil con 100 unidades de la capacidad de Lathing japonesa incluyendo el torno del huso de Shimada 6 y CITIZEN L12.<\/strong><\/p>\n<p><span data-sheets-value=\"{\" data-sheets-userformat=\"{\">En Chienfu, somos un grupo de personas con entusiasmo de precisi\u00f3n de torneado y fresado producido en Taiw\u00e1n para todas sus necesidades de mecanizado. Estamos orgullosos de lo que producimos y nos gusta desafiar las dificultades. \u00a1Si usted no puede encontrar a su surtidor para las piezas de la m\u00e1quina f\u00e1cilmente, intente por favor nosotros !! Env\u00ede sus dibujos y especificaciones a nosotros por favor!<\/span><\/p>\n<h2 style=\"display: none;\">\u8eca\u4ef6<\/h2>\n<p style=\"display: none;\">Thousands of years of experience in lathe lathes,<\/p>\n<p style=\"display: none;\">specializing in the production of 3C equipment,<\/p>\n<p style=\"display: none;\">medical, automotive and custom screws,<\/p>\n<p style=\"display: none;\">100 sets of Japanese lathe machine with<\/p>\n<p style=\"display: none;\">Shimada 6-axis lathe and CITIZEN L12.<\/p>\n<p style=\"display: none;\">The team here is a group of enthusiastic teams that<\/p>\n<p style=\"display: none;\">produce precision car parts and<\/p>\n<p style=\"display: none;\">is proud of its precision manufacturing and challenging attitude.<\/p>\n<p style=\"display: none;\">If you can not find the required car parts supplier,<\/p>\n<p style=\"display: none;\">please give us a chance to send your drawings and requirements to us!<\/p>\n<p style=\"display: none;\">Known for its ability to process high-quality turning parts,<\/p>\n<p style=\"display: none;\">Chifu is your partner for professionals whether you are machining titanium,<\/p>\n<p style=\"display: none;\">aluminum, copper, iron, alloy steel, stainless steel, Bakelite, POM or Teflon.<br \/>\n<img decoding=\"async\" class=\"size-medium wp-image-3371\" style=\"display: none;\" src=\"https:\/\/www.chienfu.com\/wp-content\/uploads\/2017\/10\/Sloky-THS1-300x225.jpg\" alt=\"\u8eca\u4ef6\" width=\"300\" height=\"225\" srcset=\"https:\/\/www.chienfu.com\/wp-content\/uploads\/2017\/10\/Sloky-THS1-300x225.jpg 300w, https:\/\/www.chienfu.com\/wp-content\/uploads\/2017\/10\/Sloky-THS1-768x576.jpg 768w, https:\/\/www.chienfu.com\/wp-content\/uploads\/2017\/10\/Sloky-THS1-1030x773.jpg 1030w, https:\/\/www.chienfu.com\/wp-content\/uploads\/2017\/10\/Sloky-THS1-705x529.jpg 705w, https:\/\/www.chienfu.com\/wp-content\/uploads\/2017\/10\/Sloky-THS1-450x338.jpg 450w, https:\/\/www.chienfu.com\/wp-content\/uploads\/2017\/10\/Sloky-THS1.jpg 1477w\" sizes=\"(max-width: 300px) 100vw, 300px\" \/><\/p>\n<\/div><\/section><\/div>\n<style type=\"text\/css\" id=\"style-css-av-25g9h6e-02793ae9d1b3a8f901e087481ab0669a\">\n#top .flex_column.av-25g9h6e-02793ae9d1b3a8f901e087481ab0669a{\nborder-radius:0px;\n-webkit-border-radius:0px;\n-moz-border-radius:0px;\npadding:0px;\n}\n<\/style>\n<div class='flex_column av-25g9h6e-02793ae9d1b3a8f901e087481ab0669a av_one_fifth  avia-builder-el-7  el_after_av_three_fifth  el_before_av_hr  flex_column_div av-zero-column-padding '   ><\/div>\n<style type=\"text\/css\" id=\"style-css-av-1m4e1bq-b65a6eafb614fecf2187fdfd92d50da8\">\n.hr.av-1m4e1bq-b65a6eafb614fecf2187fdfd92d50da8{\nheight:50px;\n}\n<\/style>\n<div  class='hr av-1m4e1bq-b65a6eafb614fecf2187fdfd92d50da8 hr-invisible  avia-builder-el-8  el_after_av_one_fifth  el_before_av_one_full  '><span class='hr-inner '><span class=\"hr-inner-style\"><\/span><\/span><\/div>\n\n<style type=\"text\/css\" id=\"style-css-av-14wwidy-692726cc847a09556b0daf88e4dd03bc\">\n#top .flex_column.av-14wwidy-692726cc847a09556b0daf88e4dd03bc{\nborder-radius:0px;\n-webkit-border-radius:0px;\n-moz-border-radius:0px;\npadding:0px;\n}\n<\/style>\n<div class='flex_column av-14wwidy-692726cc847a09556b0daf88e4dd03bc av_one_full  avia-builder-el-9  el_after_av_hr  avia-builder-el-last  first flex_column_div av-zero-column-padding '   ><\/div>\n<\/div><\/div><\/div><!-- close content main div --><\/div><\/div><div id='after_section_2'  class='main_color av_default_container_wrap container_wrap sidebar_right'  ><div class='container av-section-cont-open' ><div class='template-page content  av-content-small alpha units'><div class='post-entry post-entry-type-page post-entry-11574'><div class='entry-content-wrapper clearfix'><\/p>\n","protected":false},"excerpt":{"rendered":"","protected":false},"author":3,"featured_media":0,"parent":0,"menu_order":0,"comment_status":"closed","ping_status":"closed","template":"","meta":{"footnotes":""},"yoast_head":"<!-- This site is optimized with the Yoast SEO plugin v22.2 - https:\/\/yoast.com\/wordpress\/plugins\/seo\/ -->\n<title>cat\u00e1logo en l\u00ednea - \u5343\u5bcc\u4f01\u696d\u6709\u9650\u516c\u53f8<\/title>\n<meta name=\"description\" content=\"Torneado CNC\" \/>\n<meta name=\"robots\" content=\"index, follow, max-snippet:-1, max-image-preview:large, max-video-preview:-1\" \/>\n<link rel=\"canonical\" href=\"https:\/\/www.chienfu.com\/es\/onlinebook\/\" \/>\n<meta property=\"og:locale\" content=\"es_ES\" \/>\n<meta property=\"og:type\" content=\"article\" \/>\n<meta property=\"og:title\" content=\"Torneado CNC\" \/>\n<meta property=\"og:description\" content=\"Torneado CNC\" \/>\n<meta property=\"og:url\" content=\"https:\/\/www.chienfu.com\/es\/onlinebook\/\" \/>\n<meta property=\"og:site_name\" content=\"\u5343\u5bcc\u4f01\u696d\u6709\u9650\u516c\u53f8\" \/>\n<meta property=\"article:modified_time\" content=\"2022-07-15T07:08:43+00:00\" \/>\n<meta property=\"og:image\" content=\"https:\/\/www.chienfu.com\/wp-content\/uploads\/2017\/10\/Sloky-THS1-300x225.jpg\" \/>\n<meta name=\"twitter:card\" content=\"summary_large_image\" \/>\n<meta name=\"twitter:title\" content=\"Torneado CNC\" \/>\n<meta name=\"twitter:description\" content=\"Torneado CNC\" \/>\n<meta name=\"twitter:label1\" content=\"Est. reading time\" \/>\n\t<meta name=\"twitter:data1\" content=\"6 minutes\" \/>\n<!-- \/ Yoast SEO plugin. -->","yoast_head_json":{"title":"cat\u00e1logo en l\u00ednea - \u5343\u5bcc\u4f01\u696d\u6709\u9650\u516c\u53f8","description":"Torneado CNC","robots":{"index":"index","follow":"follow","max-snippet":"max-snippet:-1","max-image-preview":"max-image-preview:large","max-video-preview":"max-video-preview:-1"},"canonical":"https:\/\/www.chienfu.com\/es\/onlinebook\/","og_locale":"es_ES","og_type":"article","og_title":"Torneado CNC","og_description":"Torneado CNC","og_url":"https:\/\/www.chienfu.com\/es\/onlinebook\/","og_site_name":"\u5343\u5bcc\u4f01\u696d\u6709\u9650\u516c\u53f8","article_modified_time":"2022-07-15T07:08:43+00:00","og_image":[{"url":"https:\/\/www.chienfu.com\/wp-content\/uploads\/2017\/10\/Sloky-THS1-300x225.jpg"}],"twitter_card":"summary_large_image","twitter_title":"Torneado CNC","twitter_description":"Torneado CNC","twitter_misc":{"Est. reading time":"6 minutes"},"schema":{"@context":"https:\/\/schema.org","@graph":[{"@type":"WebPage","@id":"https:\/\/www.chienfu.com\/es\/onlinebook\/","url":"https:\/\/www.chienfu.com\/es\/onlinebook\/","name":"cat\u00e1logo en l\u00ednea - \u5343\u5bcc\u4f01\u696d\u6709\u9650\u516c\u53f8","isPartOf":{"@id":"https:\/\/www.chienfu.com\/#website"},"primaryImageOfPage":{"@id":"https:\/\/www.chienfu.com\/es\/onlinebook\/#primaryimage"},"image":{"@id":"https:\/\/www.chienfu.com\/es\/onlinebook\/#primaryimage"},"thumbnailUrl":"https:\/\/www.chienfu.com\/wp-content\/uploads\/2017\/10\/Sloky-THS1-300x225.jpg","datePublished":"2022-07-15T07:00:21+00:00","dateModified":"2022-07-15T07:08:43+00:00","description":"Torneado CNC","breadcrumb":{"@id":"https:\/\/www.chienfu.com\/es\/onlinebook\/#breadcrumb"},"inLanguage":"es-ES","potentialAction":[{"@type":"ReadAction","target":["https:\/\/www.chienfu.com\/es\/onlinebook\/"]}]},{"@type":"ImageObject","inLanguage":"es-ES","@id":"https:\/\/www.chienfu.com\/es\/onlinebook\/#primaryimage","url":"https:\/\/www.chienfu.com\/wp-content\/uploads\/2017\/10\/Sloky-THS1.jpg","contentUrl":"https:\/\/www.chienfu.com\/wp-content\/uploads\/2017\/10\/Sloky-THS1.jpg","width":1477,"height":1108,"caption":"Chienfu Sloky in Taiwan Hardware Show"},{"@type":"BreadcrumbList","@id":"https:\/\/www.chienfu.com\/es\/onlinebook\/#breadcrumb","itemListElement":[{"@type":"ListItem","position":1,"name":"Home","item":"https:\/\/www.chienfu.com\/es\/"},{"@type":"ListItem","position":2,"name":"cat\u00e1logo en l\u00ednea"}]},{"@type":"WebSite","@id":"https:\/\/www.chienfu.com\/#website","url":"https:\/\/www.chienfu.com\/","name":"\u5343\u5bcc\u4f01\u696d\u6709\u9650\u516c\u53f8","description":"ChienFu-Tec","potentialAction":[{"@type":"SearchAction","target":{"@type":"EntryPoint","urlTemplate":"https:\/\/www.chienfu.com\/?s={search_term_string}"},"query-input":"required name=search_term_string"}],"inLanguage":"es-ES"}]}},"_links":{"self":[{"href":"https:\/\/www.chienfu.com\/es\/wp-json\/wp\/v2\/pages\/11574"}],"collection":[{"href":"https:\/\/www.chienfu.com\/es\/wp-json\/wp\/v2\/pages"}],"about":[{"href":"https:\/\/www.chienfu.com\/es\/wp-json\/wp\/v2\/types\/page"}],"author":[{"embeddable":true,"href":"https:\/\/www.chienfu.com\/es\/wp-json\/wp\/v2\/users\/3"}],"replies":[{"embeddable":true,"href":"https:\/\/www.chienfu.com\/es\/wp-json\/wp\/v2\/comments?post=11574"}],"version-history":[{"count":0,"href":"https:\/\/www.chienfu.com\/es\/wp-json\/wp\/v2\/pages\/11574\/revisions"}],"wp:attachment":[{"href":"https:\/\/www.chienfu.com\/es\/wp-json\/wp\/v2\/media?parent=11574"}],"curies":[{"name":"wp","href":"https:\/\/api.w.org\/{rel}","templated":true}]}}