{"id":11572,"date":"2022-07-15T14:55:10","date_gmt":"2022-07-15T06:55:10","guid":{"rendered":"https:\/\/www.chienfu.com\/?page_id=11572"},"modified":"2022-07-15T15:07:00","modified_gmt":"2022-07-15T07:07:00","slug":"onlinebook","status":"publish","type":"page","link":"https:\/\/www.chienfu.com\/de\/onlinebook\/","title":{"rendered":"Online-Katalog"},"content":{"rendered":"\n<style type=\"text\/css\" id=\"style-css-av-46oa61g-0df7a3d5beda421a82e9d56e099c7fb4\">\n.avia-section.av-46oa61g-0df7a3d5beda421a82e9d56e099c7fb4{\nbackground-repeat:no-repeat;\nbackground-image:url(https:\/\/www.chienfu.com\/wp-content\/uploads\/2016\/12\/shutterstock_433065427.jpg);\nbackground-position:center center;\nbackground-attachment:fixed;\n}\n.avia-section.av-46oa61g-0df7a3d5beda421a82e9d56e099c7fb4 .av-section-color-overlay{\nopacity:0.8;\nbackground-color:#05142f;\n}\n<\/style>\n<div id='av_section_1'  class='avia-section av-46oa61g-0df7a3d5beda421a82e9d56e099c7fb4 main_color avia-section-no-padding avia-no-border-styling  avia-builder-el-0  el_before_av_section  avia-builder-el-first  avia-full-stretch avia-bg-style-fixed av-section-color-overlay-active  av-minimum-height av-minimum-height-custom  container_wrap sidebar_right'  data-section-bg-repeat='stretch'><div class='av-section-color-overlay-wrap'><div class=\"av-section-color-overlay\"><\/div><div class='container av-section-cont-open' style='height:550px'><main  role=\"main\" itemprop=\"mainContentOfPage\"  class='template-page content  av-content-small alpha units'><div class='post-entry post-entry-type-page post-entry-11572'><div class='entry-content-wrapper clearfix'>\n<section class=\"av_textblock_section \"  itemscope=\"itemscope\" itemtype=\"https:\/\/schema.org\/CreativeWork\" ><div class='avia_textblock  '   itemprop=\"text\" ><h1 style=\"text-align: center;\"><span style=\"color: #ffffff;\">Online-Katalog<\/span><\/h1>\n<p style=\"text-align: center;\"><span style=\"color: #ffffff;\">Online Booke<\/span><\/p>\n<h2 style=\"display: none;\">\u578b\u9304<\/h2>\n<p style=\"display: none;\">Thousands of years of experience in lathe lathes,<\/p>\n<p style=\"display: none;\">specializing in the production of 3C equipment,<\/p>\n<p style=\"display: none;\">medical, automotive and custom screws,<\/p>\n<p style=\"display: none;\">100 sets of Japanese lathe machine with<\/p>\n<p style=\"display: none;\">Shimada 6-axis lathe and CITIZEN L12.<\/p>\n<p style=\"display: none;\">The team here is a group of enthusiastic teams that produce precision car parts and<\/p>\n<p style=\"display: none;\">is proud of its precision manufacturing and challenging attitude.<\/p>\n<p style=\"display: none;\">If you can not find the required car parts supplier,<\/p>\n<p style=\"display: none;\">please give us a chance to send your drawings and requirements to us!<\/p>\n<p style=\"display: none;\">Known for its ability to process high-quality turning parts,<\/p>\n<p style=\"display: none;\">Chifu is your partner for professionals whether you are machining titanium,<\/p>\n<p style=\"display: none;\">aluminum, copper, iron, alloy steel, stainless steel, Bakelite, POM or Teflon.<br \/>\n<img decoding=\"async\" class=\"size-medium wp-image-3371\" style=\"display: none;\" src=\"https:\/\/www.chienfu.com\/wp-content\/uploads\/2017\/10\/Sloky-THS1-300x225.jpg\" alt=\"\u8eca\u4ef6\" width=\"300\" height=\"225\" srcset=\"https:\/\/www.chienfu.com\/wp-content\/uploads\/2017\/10\/Sloky-THS1-300x225.jpg 300w, https:\/\/www.chienfu.com\/wp-content\/uploads\/2017\/10\/Sloky-THS1-768x576.jpg 768w, https:\/\/www.chienfu.com\/wp-content\/uploads\/2017\/10\/Sloky-THS1-1030x773.jpg 1030w, https:\/\/www.chienfu.com\/wp-content\/uploads\/2017\/10\/Sloky-THS1-705x529.jpg 705w, https:\/\/www.chienfu.com\/wp-content\/uploads\/2017\/10\/Sloky-THS1-450x338.jpg 450w, https:\/\/www.chienfu.com\/wp-content\/uploads\/2017\/10\/Sloky-THS1.jpg 1477w\" sizes=\"(max-width: 300px) 100vw, 300px\" \/><\/p>\n<\/div><\/section>\n<div  class='avia-button-wrap avia-button-center  avia-builder-el-2  el_after_av_textblock  avia-builder-el-last ' >\n<style type=\"text\/css\" id=\"style-css-av-l5m3vx96-83d7c1bb61d464e212aa2c4c565c42c0\">\n#top #wrap_all .avia-button.av-l5m3vx96-83d7c1bb61d464e212aa2c4c565c42c0{\nbackground-color:#193171;\nborder-color:#193171;\ncolor:#ffffff;\ntransition:all 0.4s ease-in-out;\n-webkit-transition:all 0.4s ease-in-out;\n-moz-transition:all 0.4s ease-in-out;\n-ms-transition:all 0.4s ease-in-out;\n-o-transition:all 0.4s ease-in-out;\n}\n<\/style>\n<a href='https:\/\/www.chienfu.com\/zh-hant\/contact-zh-hant\/'  class='avia-button av-l5m3vx96-83d7c1bb61d464e212aa2c4c565c42c0 avia-icon_select-no avia-size-medium avia-position-center ' ><span class='avia_iconbox_title' >Kontakt<\/span><\/a><\/div>\n<\/div><\/div><\/main><!-- close content main element --><\/div><\/div><\/div><div id='av_section_2'  class='avia-section av-3cekhis-243c5f99636da7f337d5cc2b14d98956 main_color avia-section-default avia-no-shadow  avia-builder-el-3  el_after_av_section  avia-builder-el-last  avia-bg-style-scroll  container_wrap sidebar_right'  ><div class='container av-section-cont-open' ><div class='template-page content  av-content-small alpha units'><div class='post-entry post-entry-type-page post-entry-11572'><div class='entry-content-wrapper clearfix'>\n\n<style type=\"text\/css\" id=\"style-css-av-2wctg38-9ed0c8a096853883a6c10ae83daecf81\">\n#top .flex_column.av-2wctg38-9ed0c8a096853883a6c10ae83daecf81{\nborder-radius:0px;\n-webkit-border-radius:0px;\n-moz-border-radius:0px;\npadding:0px;\n}\n<\/style>\n<div class='flex_column av-2wctg38-9ed0c8a096853883a6c10ae83daecf81 av_one_fifth  avia-builder-el-4  el_before_av_three_fifth  avia-builder-el-first  first flex_column_div av-zero-column-padding '   ><\/div>\n<style type=\"text\/css\" id=\"style-css-av-2heu5v8-d2010e5855e14e670c5fff22e6d575cd\">\n#top .flex_column.av-2heu5v8-d2010e5855e14e670c5fff22e6d575cd{\nborder-radius:0px;\n-webkit-border-radius:0px;\n-moz-border-radius:0px;\npadding:0px;\n}\n<\/style>\n<div class='flex_column av-2heu5v8-d2010e5855e14e670c5fff22e6d575cd av_three_fifth  avia-builder-el-5  el_after_av_one_fifth  el_before_av_one_fifth  flex_column_div av-zero-column-padding '   ><section class=\"av_textblock_section \"  itemscope=\"itemscope\" itemtype=\"https:\/\/schema.org\/CreativeWork\" ><div class='avia_textblock  '   itemprop=\"text\" ><p><strong>Mit 40 Jahren Erfahrung von Lathing, Chienfu ist spezialisiert und spezialisiert auf die Herstellung von ma\u00dfgeschneiderten Bearbeitung Teile f\u00fcr 3C-Ger\u00e4te, medizinische und Automobil mit 100 Einheiten der japanischen Lathing-F\u00e4higkeit einschlie\u00dflich Shimada 6 Spindel-Drehmaschine und CITIZEN L12.<\/strong><\/p>\n<p><span data-sheets-value=\"{\" data-sheets-userformat=\"{\">Bei Chienfu sind wir eine Gruppe von Menschen mit Enthusiasmus von Pr\u00e4zisions-Drehen und Fr\u00e4sen in Taiwan f\u00fcr alle Ihre Bearbeitung Bed\u00fcrfnisse produziert. Wir sind stolz auf das, was wir produzieren und Schwierigkeiten herausfordern. Wenn Sie Ihren Lieferanten nicht f\u00fcr Maschinenteile leicht finden k\u00f6nnen, bitte versuchen Sie uns! Schicken Sie uns Ihre Zeichnungen und Spezifikationen bitte!<\/span><\/p>\n<h2 style=\"display: none;\">\u8eca\u4ef6<\/h2>\n<p style=\"display: none;\">Thousands of years of experience in lathe lathes,<\/p>\n<p style=\"display: none;\">specializing in the production of 3C equipment,<\/p>\n<p style=\"display: none;\">medical, automotive and custom screws,<\/p>\n<p style=\"display: none;\">100 sets of Japanese lathe machine with<\/p>\n<p style=\"display: none;\">Shimada 6-axis lathe and CITIZEN L12.<\/p>\n<p style=\"display: none;\">The team here is a group of enthusiastic teams that<\/p>\n<p style=\"display: none;\">produce precision car parts and<\/p>\n<p style=\"display: none;\">is proud of its precision manufacturing and challenging attitude.<\/p>\n<p style=\"display: none;\">If you can not find the required car parts supplier,<\/p>\n<p style=\"display: none;\">please give us a chance to send your drawings and requirements to us!<\/p>\n<p style=\"display: none;\">Known for its ability to process high-quality turning parts,<\/p>\n<p style=\"display: none;\">Chifu is your partner for professionals whether you are machining titanium,<\/p>\n<p style=\"display: none;\">aluminum, copper, iron, alloy steel, stainless steel, Bakelite, POM or Teflon.<br \/>\n<img decoding=\"async\" class=\"size-medium wp-image-3371\" style=\"display: none;\" src=\"https:\/\/www.chienfu.com\/wp-content\/uploads\/2017\/10\/Sloky-THS1-300x225.jpg\" alt=\"\u8eca\u4ef6\" width=\"300\" height=\"225\" srcset=\"https:\/\/www.chienfu.com\/wp-content\/uploads\/2017\/10\/Sloky-THS1-300x225.jpg 300w, https:\/\/www.chienfu.com\/wp-content\/uploads\/2017\/10\/Sloky-THS1-768x576.jpg 768w, https:\/\/www.chienfu.com\/wp-content\/uploads\/2017\/10\/Sloky-THS1-1030x773.jpg 1030w, https:\/\/www.chienfu.com\/wp-content\/uploads\/2017\/10\/Sloky-THS1-705x529.jpg 705w, https:\/\/www.chienfu.com\/wp-content\/uploads\/2017\/10\/Sloky-THS1-450x338.jpg 450w, https:\/\/www.chienfu.com\/wp-content\/uploads\/2017\/10\/Sloky-THS1.jpg 1477w\" sizes=\"(max-width: 300px) 100vw, 300px\" \/><\/p>\n<\/div><\/section><\/div>\n<style type=\"text\/css\" id=\"style-css-av-25lqnxw-6246735f0c242c244fe9825e111f5b06\">\n#top .flex_column.av-25lqnxw-6246735f0c242c244fe9825e111f5b06{\nborder-radius:0px;\n-webkit-border-radius:0px;\n-moz-border-radius:0px;\npadding:0px;\n}\n<\/style>\n<div class='flex_column av-25lqnxw-6246735f0c242c244fe9825e111f5b06 av_one_fifth  avia-builder-el-7  el_after_av_three_fifth  el_before_av_hr  flex_column_div av-zero-column-padding '   ><\/div>\n<style type=\"text\/css\" id=\"style-css-av-1inhalw-3f0ee1a2b1813c8519de012615832080\">\n.hr.av-1inhalw-3f0ee1a2b1813c8519de012615832080{\nheight:50px;\n}\n<\/style>\n<div  class='hr av-1inhalw-3f0ee1a2b1813c8519de012615832080 hr-invisible  avia-builder-el-8  el_after_av_one_fifth  el_before_av_one_full  '><span class='hr-inner '><span class=\"hr-inner-style\"><\/span><\/span><\/div>\n\n<style type=\"text\/css\" id=\"style-css-av-19wvuk4-ec9398ffad84ce69421a3f705b142cb5\">\n#top .flex_column.av-19wvuk4-ec9398ffad84ce69421a3f705b142cb5{\nborder-radius:0px;\n-webkit-border-radius:0px;\n-moz-border-radius:0px;\npadding:0px;\n}\n<\/style>\n<div class='flex_column av-19wvuk4-ec9398ffad84ce69421a3f705b142cb5 av_one_full  avia-builder-el-9  el_after_av_hr  avia-builder-el-last  first flex_column_div av-zero-column-padding '   ><\/div>\n<\/div><\/div><\/div><!-- close content main div --><\/div><\/div><div id='after_section_2'  class='main_color av_default_container_wrap container_wrap sidebar_right'  ><div class='container av-section-cont-open' ><div class='template-page content  av-content-small alpha units'><div class='post-entry post-entry-type-page post-entry-11572'><div class='entry-content-wrapper clearfix'><\/p>\n","protected":false},"excerpt":{"rendered":"","protected":false},"author":3,"featured_media":0,"parent":0,"menu_order":0,"comment_status":"closed","ping_status":"closed","template":"","meta":{"footnotes":""},"yoast_head":"<!-- This site is optimized with the Yoast SEO plugin v22.2 - https:\/\/yoast.com\/wordpress\/plugins\/seo\/ -->\n<title>Online-Katalog - \u5343\u5bcc\u4f01\u696d\u6709\u9650\u516c\u53f8<\/title>\n<meta name=\"description\" content=\"CNC Drehen\" \/>\n<meta name=\"robots\" content=\"index, follow, max-snippet:-1, max-image-preview:large, max-video-preview:-1\" \/>\n<link rel=\"canonical\" href=\"https:\/\/www.chienfu.com\/de\/onlinebook\/\" \/>\n<meta property=\"og:locale\" content=\"de_DE\" \/>\n<meta property=\"og:type\" content=\"article\" \/>\n<meta property=\"og:title\" content=\"CNC Drehen\" \/>\n<meta property=\"og:description\" content=\"CNC Drehen\" \/>\n<meta property=\"og:url\" content=\"https:\/\/www.chienfu.com\/de\/onlinebook\/\" \/>\n<meta property=\"og:site_name\" content=\"\u5343\u5bcc\u4f01\u696d\u6709\u9650\u516c\u53f8\" \/>\n<meta property=\"article:modified_time\" content=\"2022-07-15T07:07:00+00:00\" \/>\n<meta property=\"og:image\" content=\"https:\/\/www.chienfu.com\/wp-content\/uploads\/2017\/10\/Sloky-THS1-300x225.jpg\" \/>\n<meta name=\"twitter:card\" content=\"summary_large_image\" \/>\n<meta name=\"twitter:title\" content=\"CNC Drehen\" \/>\n<meta name=\"twitter:description\" content=\"CNC Drehen\" \/>\n<meta name=\"twitter:label1\" content=\"Est. reading time\" \/>\n\t<meta name=\"twitter:data1\" content=\"6 minutes\" \/>\n<!-- \/ Yoast SEO plugin. -->","yoast_head_json":{"title":"Online-Katalog - \u5343\u5bcc\u4f01\u696d\u6709\u9650\u516c\u53f8","description":"CNC Drehen","robots":{"index":"index","follow":"follow","max-snippet":"max-snippet:-1","max-image-preview":"max-image-preview:large","max-video-preview":"max-video-preview:-1"},"canonical":"https:\/\/www.chienfu.com\/de\/onlinebook\/","og_locale":"de_DE","og_type":"article","og_title":"CNC Drehen","og_description":"CNC Drehen","og_url":"https:\/\/www.chienfu.com\/de\/onlinebook\/","og_site_name":"\u5343\u5bcc\u4f01\u696d\u6709\u9650\u516c\u53f8","article_modified_time":"2022-07-15T07:07:00+00:00","og_image":[{"url":"https:\/\/www.chienfu.com\/wp-content\/uploads\/2017\/10\/Sloky-THS1-300x225.jpg"}],"twitter_card":"summary_large_image","twitter_title":"CNC Drehen","twitter_description":"CNC Drehen","twitter_misc":{"Est. reading time":"6 minutes"},"schema":{"@context":"https:\/\/schema.org","@graph":[{"@type":"WebPage","@id":"https:\/\/www.chienfu.com\/de\/onlinebook\/","url":"https:\/\/www.chienfu.com\/de\/onlinebook\/","name":"Online-Katalog - \u5343\u5bcc\u4f01\u696d\u6709\u9650\u516c\u53f8","isPartOf":{"@id":"https:\/\/www.chienfu.com\/#website"},"primaryImageOfPage":{"@id":"https:\/\/www.chienfu.com\/de\/onlinebook\/#primaryimage"},"image":{"@id":"https:\/\/www.chienfu.com\/de\/onlinebook\/#primaryimage"},"thumbnailUrl":"https:\/\/www.chienfu.com\/wp-content\/uploads\/2017\/10\/Sloky-THS1-300x225.jpg","datePublished":"2022-07-15T06:55:10+00:00","dateModified":"2022-07-15T07:07:00+00:00","description":"CNC Drehen","breadcrumb":{"@id":"https:\/\/www.chienfu.com\/de\/onlinebook\/#breadcrumb"},"inLanguage":"de-DE","potentialAction":[{"@type":"ReadAction","target":["https:\/\/www.chienfu.com\/de\/onlinebook\/"]}]},{"@type":"ImageObject","inLanguage":"de-DE","@id":"https:\/\/www.chienfu.com\/de\/onlinebook\/#primaryimage","url":"https:\/\/www.chienfu.com\/wp-content\/uploads\/2017\/10\/Sloky-THS1.jpg","contentUrl":"https:\/\/www.chienfu.com\/wp-content\/uploads\/2017\/10\/Sloky-THS1.jpg","width":1477,"height":1108,"caption":"Chienfu Sloky in Taiwan Hardware Show"},{"@type":"BreadcrumbList","@id":"https:\/\/www.chienfu.com\/de\/onlinebook\/#breadcrumb","itemListElement":[{"@type":"ListItem","position":1,"name":"Home","item":"https:\/\/www.chienfu.com\/de\/"},{"@type":"ListItem","position":2,"name":"Online-Katalog"}]},{"@type":"WebSite","@id":"https:\/\/www.chienfu.com\/#website","url":"https:\/\/www.chienfu.com\/","name":"\u5343\u5bcc\u4f01\u696d\u6709\u9650\u516c\u53f8","description":"ChienFu-Tec","potentialAction":[{"@type":"SearchAction","target":{"@type":"EntryPoint","urlTemplate":"https:\/\/www.chienfu.com\/?s={search_term_string}"},"query-input":"required name=search_term_string"}],"inLanguage":"de-DE"}]}},"_links":{"self":[{"href":"https:\/\/www.chienfu.com\/de\/wp-json\/wp\/v2\/pages\/11572"}],"collection":[{"href":"https:\/\/www.chienfu.com\/de\/wp-json\/wp\/v2\/pages"}],"about":[{"href":"https:\/\/www.chienfu.com\/de\/wp-json\/wp\/v2\/types\/page"}],"author":[{"embeddable":true,"href":"https:\/\/www.chienfu.com\/de\/wp-json\/wp\/v2\/users\/3"}],"replies":[{"embeddable":true,"href":"https:\/\/www.chienfu.com\/de\/wp-json\/wp\/v2\/comments?post=11572"}],"version-history":[{"count":0,"href":"https:\/\/www.chienfu.com\/de\/wp-json\/wp\/v2\/pages\/11572\/revisions"}],"wp:attachment":[{"href":"https:\/\/www.chienfu.com\/de\/wp-json\/wp\/v2\/media?parent=11572"}],"curies":[{"name":"wp","href":"https:\/\/api.w.org\/{rel}","templated":true}]}}